{"id":35,"date":"2023-05-25T14:35:36","date_gmt":"2023-05-25T14:35:36","guid":{"rendered":"https:\/\/auto-strategy.preprod.visionsnouvelles.com\/?page_id=35"},"modified":"2024-03-22T10:17:18","modified_gmt":"2024-03-22T10:17:18","slug":"accueil","status":"publish","type":"page","link":"https:\/\/auto-strategy.preprod.visionsnouvelles.com\/fr\/","title":{"rendered":"Accueil"},"content":{"rendered":"<div\n        class=\"autostrategy-block icons-text-block js-container\"\n        style=\"margin-bottom: 100px;\"        data-id=\"block_babaff4dc1a9e370aa9bdb1dee8c8b3a\">\n    <div class=\"icons-text-block__container container\">\n        <div class=\"container\">\n            <div class=\"row\">\n                <div class=\"col-12 col-lg-5 icons-text-block__icons-col\">\n                    \n<div class=\"feed-icon icons-text-block__icon post-35 page type-page status-publish has-post-thumbnail hentry\">\n    <img loading=\"lazy\" decoding=\"async\" width=\"66\" height=\"34\" src=\"https:\/\/auto-strategy.preprod.visionsnouvelles.com\/wp-content\/uploads\/2023\/05\/vehicules.svg\" class=\"attachment-thumbnail size-thumbnail\" alt=\"\" \/><span class=\"feed-icon__icon-title\">Un large choix de v\u00e9hicules<\/span><a href=\"#\" title=\"En savoir plus\" class=\"autostrategy-btn autostrategy-btn--link\"><span class=\"vn-a-content\">En savoir plus<\/span><\/a><\/div>\n\n<div class=\"feed-icon icons-text-block__icon post-35 page type-page status-publish has-post-thumbnail hentry\">\n    <img loading=\"lazy\" decoding=\"async\" width=\"38\" height=\"34\" src=\"https:\/\/auto-strategy.preprod.visionsnouvelles.com\/wp-content\/uploads\/2023\/05\/support.svg\" class=\"attachment-thumbnail size-thumbnail\" alt=\"\" \/><span class=\"feed-icon__icon-title\">Un service de confiance<\/span><a href=\"https:\/\/auto-strategy.preprod.visionsnouvelles.com\/fr\/auto-strategy-au-service-de-votre-entreprise\/\" title=\"En savoir plus\" class=\"autostrategy-btn autostrategy-btn--link\"><span class=\"vn-a-content\">En savoir plus<\/span><\/a><\/div>\n\n<div class=\"feed-icon icons-text-block__icon post-35 page type-page status-publish has-post-thumbnail hentry\">\n    <img loading=\"lazy\" decoding=\"async\" width=\"30\" height=\"34\" src=\"https:\/\/auto-strategy.preprod.visionsnouvelles.com\/wp-content\/uploads\/2023\/05\/hand.svg\" class=\"attachment-thumbnail size-thumbnail\" alt=\"\" \/><span class=\"feed-icon__icon-title\">Un simulateur \u00e0 la pointe<\/span><a href=\"#\" title=\"En savoir plus\" class=\"autostrategy-btn autostrategy-btn--link\"><span class=\"vn-a-content\">En savoir plus<\/span><\/a><\/div>\n\n<div class=\"feed-icon icons-text-block__icon post-35 page type-page status-publish has-post-thumbnail hentry\">\n    <img loading=\"lazy\" decoding=\"async\" width=\"38\" height=\"34\" src=\"https:\/\/auto-strategy.preprod.visionsnouvelles.com\/wp-content\/uploads\/2023\/05\/heart.svg\" class=\"attachment-thumbnail size-thumbnail\" alt=\"\" \/><span class=\"feed-icon__icon-title\">Des offres adaptables \u00e0 vos envies<\/span><a href=\"#\" title=\"En savoir plus\" class=\"autostrategy-btn autostrategy-btn--link\"><span class=\"vn-a-content\">En savoir plus<\/span><\/a><\/div>\n                <\/div>\n                <div class=\"col-12 col-lg-1\"><\/div>\n                <div class=\"col-12 col-lg-6 icons-text-block__content-col\">\n                    <h2 class=\"icons-text-block__title\">Une solution l\u00e9gale et fiable avec Auto-Strategy<\/h2><div class=\"icons-text-block__content\"><p>Fond\u00e9e par des passionn\u00e9s de l&rsquo;automobile, Auto-Strategy facilite l&rsquo;acc\u00e8s aux avantages de l&rsquo;immatriculation en Pologne pour particuliers et professionnels. Nous mettons tout en \u0153uvre pour vous proposer les meilleures opportunit\u00e9s du march\u00e9 automobile europ\u00e9en. Notre solution cl\u00e9 en main est parfaitement l\u00e9gale, fiable et sans contraintes !<\/p>\n<\/div><a href=\"https:\/\/auto-strategy.preprod.visionsnouvelles.com\/fr\/nos-services-ou-notre-solution\/\" title=\"En savoir plus\" class=\"autostrategy-btn autostrategy-btn--classic autostrategy-btn--classic--orange\"><span class=\"vn-a-content\">En savoir plus<\/span><\/a>                <\/div>\n            <\/div>\n        <\/div>\n    <\/div>\n<\/div>\n\n\n<div\n        class=\"autostrategy-block vehicle-range-block js-container\"\n        style=\"margin-top: 50px;\"        data-id=\"block_fd38809193d588e9fbe2d88ad1f48e3c\"\n        data-unique-id=\"456\">\n    <div class=\"vehicle-range-block__container container\">\n        <h2 class=\"vehicle-range-block__title\">D\u00e9couvrez nos diff\u00e9rentes gammes de v\u00e9hicule<\/h2><div class=\"vehicle-range-block__content\"><p>Nos partenariats avec des concessionnaires europ\u00e9ens nous permettent de vous proposer toutes les gammes de v\u00e9hicules allant de l&rsquo;utilitaire aux sportives et voitures de prestige. Vous \u00e9conomisez sur les taxes fran\u00e7aises et vous b\u00e9n\u00e9ficiez aussi de r\u00e9ductions pouvant aller jusqu&rsquo;\u00e0 35% du prix de vente HT !<br \/>\nAlors quelle est votre v\u00e9hicule id\u00e9al ?<\/p>\n<\/div>        <div class=\"vehicle-range-block__vehicles splide js-vehicles-456\">\n            <div class=\"splide__track\">\n                <div class=\"splide__list\">\n                    \n<div class=\"feed-vehicle-range feed-vehicle-range__vehicle splide__slide post-35 page type-page status-publish has-post-thumbnail hentry\">\n    <a href=\"https:\/\/auto-strategy.preprod.visionsnouvelles.com\/fr\/gamme-vehicule\/luxury-fr\/\" class=\"feed-vehicle-range__wrapper\">\n        <div class=\"feed-vehicle-range__vehicle-left-part\">\n            <img loading=\"lazy\" decoding=\"async\" width=\"890\" height=\"900\" src=\"https:\/\/auto-strategy.preprod.visionsnouvelles.com\/wp-content\/uploads\/2023\/05\/luxury_car.jpg\" class=\"feed-vehicle-range__vehicle-image\" alt=\"\" srcset=\"https:\/\/auto-strategy.preprod.visionsnouvelles.com\/wp-content\/uploads\/2023\/05\/luxury_car.jpg 890w, https:\/\/auto-strategy.preprod.visionsnouvelles.com\/wp-content\/uploads\/2023\/05\/luxury_car-297x300.jpg 297w, https:\/\/auto-strategy.preprod.visionsnouvelles.com\/wp-content\/uploads\/2023\/05\/luxury_car-768x777.jpg 768w\" sizes=\"auto, (max-width: 890px) 100vw, 890px\" \/>            <div class=\"feed-vehicle-range__vehicle-bottom-bar\">\n                <i class=\"autostrategy-icons-eye\"><\/i>\n                <div class=\"feed-vehicle-range__discover\">\n                    <span class=\"feed-vehicle-range__name\">Range Luxury<\/span><span class=\"feed-vehicle-range__text\">D\u00e9couvrir nos v\u00e9hicules luxury<\/span>                <\/div>\n            <\/div>\n        <\/div>\n        <div class=\"feed-vehicle-range__vehicle-right-part\">\n            <span class=\"feed-vehicle-range__name-vertical\">Luxury<\/span>        <\/div>\n    <\/a>\n<\/div>\n\n<div class=\"feed-vehicle-range feed-vehicle-range__vehicle splide__slide post-35 page type-page status-publish has-post-thumbnail hentry\">\n    <a href=\"https:\/\/auto-strategy.preprod.visionsnouvelles.com\/fr\/gamme-vehicule\/premium-fr\/\" class=\"feed-vehicle-range__wrapper\">\n        <div class=\"feed-vehicle-range__vehicle-left-part\">\n            <img loading=\"lazy\" decoding=\"async\" width=\"890\" height=\"858\" src=\"https:\/\/auto-strategy.preprod.visionsnouvelles.com\/wp-content\/uploads\/2023\/12\/Porsche-Macan-S-2021-890x858.jpg\" class=\"feed-vehicle-range__vehicle-image\" alt=\"\" \/>            <div class=\"feed-vehicle-range__vehicle-bottom-bar\">\n                <i class=\"autostrategy-icons-eye\"><\/i>\n                <div class=\"feed-vehicle-range__discover\">\n                    <span class=\"feed-vehicle-range__name\">Range Premium<\/span><span class=\"feed-vehicle-range__text\">D\u00e9couvrir nos v\u00e9hicules premiums<\/span>                <\/div>\n            <\/div>\n        <\/div>\n        <div class=\"feed-vehicle-range__vehicle-right-part\">\n            <span class=\"feed-vehicle-range__name-vertical\">Premium<\/span>        <\/div>\n    <\/a>\n<\/div>\n\n<div class=\"feed-vehicle-range feed-vehicle-range__vehicle splide__slide post-35 page type-page status-publish has-post-thumbnail hentry\">\n    <a href=\"https:\/\/auto-strategy.preprod.visionsnouvelles.com\/fr\/gamme-vehicule\/tourisme-fr\/\" class=\"feed-vehicle-range__wrapper\">\n        <div class=\"feed-vehicle-range__vehicle-left-part\">\n            <img loading=\"lazy\" decoding=\"async\" width=\"890\" height=\"900\" src=\"https:\/\/auto-strategy.preprod.visionsnouvelles.com\/wp-content\/uploads\/2023\/05\/tourisme_car.jpg\" class=\"feed-vehicle-range__vehicle-image\" alt=\"\" srcset=\"https:\/\/auto-strategy.preprod.visionsnouvelles.com\/wp-content\/uploads\/2023\/05\/tourisme_car.jpg 890w, https:\/\/auto-strategy.preprod.visionsnouvelles.com\/wp-content\/uploads\/2023\/05\/tourisme_car-297x300.jpg 297w, https:\/\/auto-strategy.preprod.visionsnouvelles.com\/wp-content\/uploads\/2023\/05\/tourisme_car-768x777.jpg 768w\" sizes=\"auto, (max-width: 890px) 100vw, 890px\" \/>            <div class=\"feed-vehicle-range__vehicle-bottom-bar\">\n                <i class=\"autostrategy-icons-eye\"><\/i>\n                <div class=\"feed-vehicle-range__discover\">\n                    <span class=\"feed-vehicle-range__name\">Range Tourisme<\/span><span class=\"feed-vehicle-range__text\">D\u00e9couvrir nos v\u00e9hicules tourismes<\/span>                <\/div>\n            <\/div>\n        <\/div>\n        <div class=\"feed-vehicle-range__vehicle-right-part\">\n            <span class=\"feed-vehicle-range__name-vertical\">Tourisme<\/span>        <\/div>\n    <\/a>\n<\/div>\n                <\/div>\n            <\/div>\n        <\/div>\n    <\/div>\n<\/div>\n\n\n<div\n        class=\"autostrategy-block cta-block\"\n        style=\"margin-bottom: 100px;\"        data-id=\"block_e14f9c715c5cbb082e2d92688fcf6fe7\">\n    <div class=\"cta-block__container\">\n        <div class=\"part-cta\" style=\"--bg: url(https:\/\/auto-strategy.preprod.visionsnouvelles.com\/wp-content\/uploads\/2023\/06\/shutterstock_1303695256-scaled.jpg);\">\n\t<a href=\"https:\/\/auto-strategy.preprod.visionsnouvelles.com\/fr\/service\/jai-besoin-dune-flotte-de-vehicules\/\" title=\"En savoir plus\" class=\"part-cta__wrapper\">\n\t\t<div class=\"row\">\n            <div class=\"col-12 col-lg-6 part-cta__contents\">\n                <h2 class=\"part-cta__title\">Besoin d\u2019une flotte de v\u00e9hicule ?<\/h2><div class=\"part-cta__content\"><p>Economisez sur les taxes applicables en France aux voitures de soci\u00e9t\u00e9 et constituez facilement votre flotte de v\u00e9hicules. Roulez en toute s\u00e9r\u00e9nit\u00e9 en b\u00e9n\u00e9ficiant des avantages de la l\u00e9gislation polonaise.<\/p>\n<\/div><button class=\"autostrategy-btn autostrategy-btn--classic autostrategy-btn--classic--blue\">En savoir plus<\/button>            <\/div>\n        <\/div>\n\t<\/a>\n<\/div>\n    <\/div>\n<\/div>\n\n\n<div\n        class=\"autostrategy-block steps-slider-block js-container\"\n        style=\"margin-top: 50px;margin-bottom: 100px;\"        data-id=\"block_cf72651961a4bfbd39e9e9c23dfb04a6\"\n        data-unique-id=\"123\">\n    <div class=\"steps-slider-block__container container\">\n        <div class=\"row\">\n            <div class=\"col-12 col-lg-5\">\n                <div class=\"steps-slider-block__content-col\">\n                    <h2 class=\"steps-slider-block__title\">Envie d&rsquo;acqu\u00e9rir une voiture moins cher en toute l\u00e9galit\u00e9 ?<\/h2><div class=\"steps-slider-block__content\"><p>Nous vous proposons une solution de confiance cl\u00e9 en main, certainement la plus compl\u00e8te du march\u00e9. Notre offre est flexible pour s&rsquo;adapter \u00e0 vos besoins :<\/p>\n<\/div>                    <div class=\"steps-slider-block__steps splide js-steps-123\">\n                        <div class=\"splide__track\">\n                            <div class=\"splide__list\">\n                                                                    <div class=\"splide__slide\">\n                                        <span class=\"steps-slider-block__steps--title\">Recherche de v\u00e9hicule<\/span><div class=\"steps-slider-block__steps--content\"><p>Nous trouvons le v\u00e9hicule parfait pour vous, qu&rsquo;il s&rsquo;agisse d&rsquo;utilitaires, de voitures de tourisme ou de mod\u00e8les haut de gamme. Vous b\u00e9n\u00e9ficiez d&rsquo;un large choix de v\u00e9hicules neufs ou d&rsquo;occasion provenant de concessionnaires europ\u00e9ens, permettant des achats hors taxes.<\/p>\n<\/div>                                    <\/div>\n                                                                        <div class=\"splide__slide\">\n                                        <span class=\"steps-slider-block__steps--title\">Immatriculation en Lituanie<\/span><div class=\"steps-slider-block__steps--content\"><p>Nous nous occupons de toutes les d\u00e9marches administratives li\u00e9es \u00e0 l&rsquo;immatriculation, sans que vous ayez \u00e0 cr\u00e9er de soci\u00e9t\u00e9 ni \u00e0 effectuer des formalit\u00e9s complexes. Profitez des avantages fiscaux et du syst\u00e8me de permis lituanien en toute l\u00e9galit\u00e9 et sans contraintes.<\/p>\n<\/div>                                    <\/div>\n                                                                        <div class=\"splide__slide\">\n                                        <span class=\"steps-slider-block__steps--title\">Suivi complet \u00e0 long terme<\/span><div class=\"steps-slider-block__steps--content\"><p>Nous livrons le v\u00e9hicule chez vous rapidement, nous nous occupons de l&rsquo;assurance, vous laissant profiter de votre v\u00e9hicule en toute tranquillit\u00e9. Si vous d\u00e9cidez de changer de v\u00e9hicule \u00e0 l&rsquo;avenir, nous serons l\u00e0 pour vous accompagner \u00e0 nouveau !<\/p>\n<\/div>                                    <\/div>\n                                                                <\/div>\n                        <\/div>\n                    <\/div>\n                <\/div>\n            <\/div>\n            <div class=\"col-12 col-lg-1\"><\/div>\n            <div class=\"col-12 col-lg-6\">\n                <div class=\"steps-slider-block__images-col\">\n                    <div class=\"steps-slider-block__images-wrapper\">\n                        <div class=\"steps-slider-block__steps-images splide js-steps-img-123\">\n                            <div class=\"splide__track\">\n                                <div class=\"splide__list\">\n                                                                            <div class=\"splide__slide steps-slider-block__steps-images-slide\">\n                                            <img loading=\"lazy\" decoding=\"async\" width=\"2560\" height=\"1709\" src=\"https:\/\/auto-strategy.preprod.visionsnouvelles.com\/wp-content\/uploads\/2023\/06\/shutterstock_1378241768-scaled.jpg\" class=\"steps-slider-block__steps--img\" alt=\"\" srcset=\"https:\/\/auto-strategy.preprod.visionsnouvelles.com\/wp-content\/uploads\/2023\/06\/shutterstock_1378241768-scaled.jpg 2560w, https:\/\/auto-strategy.preprod.visionsnouvelles.com\/wp-content\/uploads\/2023\/06\/shutterstock_1378241768-300x200.jpg 300w, https:\/\/auto-strategy.preprod.visionsnouvelles.com\/wp-content\/uploads\/2023\/06\/shutterstock_1378241768-1024x684.jpg 1024w, https:\/\/auto-strategy.preprod.visionsnouvelles.com\/wp-content\/uploads\/2023\/06\/shutterstock_1378241768-768x513.jpg 768w, https:\/\/auto-strategy.preprod.visionsnouvelles.com\/wp-content\/uploads\/2023\/06\/shutterstock_1378241768-1536x1025.jpg 1536w, https:\/\/auto-strategy.preprod.visionsnouvelles.com\/wp-content\/uploads\/2023\/06\/shutterstock_1378241768-2048x1367.jpg 2048w\" sizes=\"auto, (max-width: 2560px) 100vw, 2560px\" \/>                                        <\/div>\n                                                                                <div class=\"splide__slide steps-slider-block__steps-images-slide\">\n                                            <img loading=\"lazy\" decoding=\"async\" width=\"2560\" height=\"1709\" src=\"https:\/\/auto-strategy.preprod.visionsnouvelles.com\/wp-content\/uploads\/2023\/06\/shutterstock_1177022149-scaled.jpg\" class=\"steps-slider-block__steps--img\" alt=\"\" srcset=\"https:\/\/auto-strategy.preprod.visionsnouvelles.com\/wp-content\/uploads\/2023\/06\/shutterstock_1177022149-scaled.jpg 2560w, https:\/\/auto-strategy.preprod.visionsnouvelles.com\/wp-content\/uploads\/2023\/06\/shutterstock_1177022149-300x200.jpg 300w, https:\/\/auto-strategy.preprod.visionsnouvelles.com\/wp-content\/uploads\/2023\/06\/shutterstock_1177022149-1024x684.jpg 1024w, https:\/\/auto-strategy.preprod.visionsnouvelles.com\/wp-content\/uploads\/2023\/06\/shutterstock_1177022149-768x513.jpg 768w, https:\/\/auto-strategy.preprod.visionsnouvelles.com\/wp-content\/uploads\/2023\/06\/shutterstock_1177022149-1536x1025.jpg 1536w, https:\/\/auto-strategy.preprod.visionsnouvelles.com\/wp-content\/uploads\/2023\/06\/shutterstock_1177022149-2048x1367.jpg 2048w\" sizes=\"auto, (max-width: 2560px) 100vw, 2560px\" \/>                                        <\/div>\n                                                                                <div class=\"splide__slide steps-slider-block__steps-images-slide\">\n                                            <img loading=\"lazy\" decoding=\"async\" width=\"2560\" height=\"1142\" src=\"https:\/\/auto-strategy.preprod.visionsnouvelles.com\/wp-content\/uploads\/2023\/06\/shutterstock_2037664388-scaled.jpg\" class=\"steps-slider-block__steps--img\" alt=\"\" srcset=\"https:\/\/auto-strategy.preprod.visionsnouvelles.com\/wp-content\/uploads\/2023\/06\/shutterstock_2037664388-scaled.jpg 2560w, https:\/\/auto-strategy.preprod.visionsnouvelles.com\/wp-content\/uploads\/2023\/06\/shutterstock_2037664388-300x134.jpg 300w, https:\/\/auto-strategy.preprod.visionsnouvelles.com\/wp-content\/uploads\/2023\/06\/shutterstock_2037664388-1024x457.jpg 1024w, https:\/\/auto-strategy.preprod.visionsnouvelles.com\/wp-content\/uploads\/2023\/06\/shutterstock_2037664388-768x343.jpg 768w, https:\/\/auto-strategy.preprod.visionsnouvelles.com\/wp-content\/uploads\/2023\/06\/shutterstock_2037664388-1536x685.jpg 1536w, https:\/\/auto-strategy.preprod.visionsnouvelles.com\/wp-content\/uploads\/2023\/06\/shutterstock_2037664388-2048x914.jpg 2048w\" sizes=\"auto, (max-width: 2560px) 100vw, 2560px\" \/>                                        <\/div>\n                                                                        <\/div>\n                            <\/div>\n                        <\/div>\n                    <\/div>\n                <\/div>\n            <\/div>\n        <\/div>\n    <\/div>\n<\/div>\n","protected":false},"excerpt":{"rendered":"","protected":false},"author":1,"featured_media":365,"parent":0,"menu_order":0,"comment_status":"closed","ping_status":"closed","template":"page-templates\/page-home.php","meta":{"footnotes":""},"class_list":["post-35","page","type-page","status-publish","has-post-thumbnail","hentry"],"acf":[],"yoast_head":"<!-- This site is optimized with the Yoast SEO plugin v21.3 - https:\/\/yoast.com\/wordpress\/plugins\/seo\/ -->\n<title>Accueil | Auto Strategy<\/title>\n<meta name=\"robots\" content=\"noindex, follow, max-snippet:-1, max-image-preview:large, max-video-preview:-1\" \/>\n<meta property=\"og:locale\" content=\"fr_FR\" \/>\n<meta property=\"og:type\" content=\"article\" \/>\n<meta property=\"og:title\" content=\"Accueil | Auto Strategy\" \/>\n<meta property=\"og:url\" content=\"https:\/\/auto-strategy.preprod.visionsnouvelles.com\/fr\/\" \/>\n<meta property=\"og:site_name\" content=\"Auto Strategy\" \/>\n<meta property=\"article:modified_time\" content=\"2024-03-22T10:17:18+00:00\" \/>\n<meta property=\"og:image\" content=\"https:\/\/auto-strategy.preprod.visionsnouvelles.com\/wp-content\/uploads\/2023\/06\/red-car.jpg\" \/>\n\t<meta property=\"og:image:width\" content=\"890\" \/>\n\t<meta property=\"og:image:height\" content=\"1230\" \/>\n\t<meta property=\"og:image:type\" content=\"image\/jpeg\" \/>\n<meta name=\"twitter:card\" content=\"summary_large_image\" \/>\n<script type=\"application\/ld+json\" class=\"yoast-schema-graph\">{\"@context\":\"https:\/\/schema.org\",\"@graph\":[{\"@type\":\"WebPage\",\"@id\":\"https:\/\/auto-strategy.preprod.visionsnouvelles.com\/fr\/\",\"url\":\"https:\/\/auto-strategy.preprod.visionsnouvelles.com\/fr\/\",\"name\":\"Accueil | Auto Strategy\",\"isPartOf\":{\"@id\":\"https:\/\/auto-strategy.preprod.visionsnouvelles.com\/fr\/#website\"},\"datePublished\":\"2023-05-25T14:35:36+00:00\",\"dateModified\":\"2024-03-22T10:17:18+00:00\",\"breadcrumb\":{\"@id\":\"https:\/\/auto-strategy.preprod.visionsnouvelles.com\/fr\/#breadcrumb\"},\"inLanguage\":\"fr-FR\",\"potentialAction\":[{\"@type\":\"ReadAction\",\"target\":[\"https:\/\/auto-strategy.preprod.visionsnouvelles.com\/fr\/\"]}]},{\"@type\":\"BreadcrumbList\",\"@id\":\"https:\/\/auto-strategy.preprod.visionsnouvelles.com\/fr\/#breadcrumb\",\"itemListElement\":[{\"@type\":\"ListItem\",\"position\":1,\"name\":\"Accueil\",\"item\":\"https:\/\/auto-strategy.preprod.visionsnouvelles.com\/fr\/\"},{\"@type\":\"ListItem\",\"position\":2,\"name\":\"Accueil\"}]},{\"@type\":\"WebSite\",\"@id\":\"https:\/\/auto-strategy.preprod.visionsnouvelles.com\/fr\/#website\",\"url\":\"https:\/\/auto-strategy.preprod.visionsnouvelles.com\/fr\/\",\"name\":\"Auto Strategy\",\"description\":\"\",\"publisher\":{\"@id\":\"https:\/\/auto-strategy.preprod.visionsnouvelles.com\/fr\/#organization\"},\"potentialAction\":[{\"@type\":\"SearchAction\",\"target\":{\"@type\":\"EntryPoint\",\"urlTemplate\":\"https:\/\/auto-strategy.preprod.visionsnouvelles.com\/fr\/?s={search_term_string}\"},\"query-input\":\"required name=search_term_string\"}],\"inLanguage\":\"fr-FR\"},{\"@type\":\"Organization\",\"@id\":\"https:\/\/auto-strategy.preprod.visionsnouvelles.com\/fr\/#organization\",\"name\":\"Auto Strategy\",\"url\":\"https:\/\/auto-strategy.preprod.visionsnouvelles.com\/fr\/\",\"logo\":{\"@type\":\"ImageObject\",\"inLanguage\":\"fr-FR\",\"@id\":\"https:\/\/auto-strategy.preprod.visionsnouvelles.com\/fr\/#\/schema\/logo\/image\/\",\"url\":\"https:\/\/auto-strategy.preprod.visionsnouvelles.com\/wp-content\/uploads\/2023\/05\/fake_logo.svg\",\"contentUrl\":\"https:\/\/auto-strategy.preprod.visionsnouvelles.com\/wp-content\/uploads\/2023\/05\/fake_logo.svg\",\"width\":255,\"height\":127,\"caption\":\"Auto Strategy\"},\"image\":{\"@id\":\"https:\/\/auto-strategy.preprod.visionsnouvelles.com\/fr\/#\/schema\/logo\/image\/\"}}]}<\/script>\n<!-- \/ Yoast SEO plugin. -->","yoast_head_json":{"title":"Accueil | Auto Strategy","robots":{"index":"noindex","follow":"follow","max-snippet":"max-snippet:-1","max-image-preview":"max-image-preview:large","max-video-preview":"max-video-preview:-1"},"og_locale":"fr_FR","og_type":"article","og_title":"Accueil | Auto Strategy","og_url":"https:\/\/auto-strategy.preprod.visionsnouvelles.com\/fr\/","og_site_name":"Auto Strategy","article_modified_time":"2024-03-22T10:17:18+00:00","og_image":[{"width":890,"height":1230,"url":"https:\/\/auto-strategy.preprod.visionsnouvelles.com\/wp-content\/uploads\/2023\/06\/red-car.jpg","type":"image\/jpeg"}],"twitter_card":"summary_large_image","schema":{"@context":"https:\/\/schema.org","@graph":[{"@type":"WebPage","@id":"https:\/\/auto-strategy.preprod.visionsnouvelles.com\/fr\/","url":"https:\/\/auto-strategy.preprod.visionsnouvelles.com\/fr\/","name":"Accueil | Auto Strategy","isPartOf":{"@id":"https:\/\/auto-strategy.preprod.visionsnouvelles.com\/fr\/#website"},"datePublished":"2023-05-25T14:35:36+00:00","dateModified":"2024-03-22T10:17:18+00:00","breadcrumb":{"@id":"https:\/\/auto-strategy.preprod.visionsnouvelles.com\/fr\/#breadcrumb"},"inLanguage":"fr-FR","potentialAction":[{"@type":"ReadAction","target":["https:\/\/auto-strategy.preprod.visionsnouvelles.com\/fr\/"]}]},{"@type":"BreadcrumbList","@id":"https:\/\/auto-strategy.preprod.visionsnouvelles.com\/fr\/#breadcrumb","itemListElement":[{"@type":"ListItem","position":1,"name":"Accueil","item":"https:\/\/auto-strategy.preprod.visionsnouvelles.com\/fr\/"},{"@type":"ListItem","position":2,"name":"Accueil"}]},{"@type":"WebSite","@id":"https:\/\/auto-strategy.preprod.visionsnouvelles.com\/fr\/#website","url":"https:\/\/auto-strategy.preprod.visionsnouvelles.com\/fr\/","name":"Auto Strategy","description":"","publisher":{"@id":"https:\/\/auto-strategy.preprod.visionsnouvelles.com\/fr\/#organization"},"potentialAction":[{"@type":"SearchAction","target":{"@type":"EntryPoint","urlTemplate":"https:\/\/auto-strategy.preprod.visionsnouvelles.com\/fr\/?s={search_term_string}"},"query-input":"required name=search_term_string"}],"inLanguage":"fr-FR"},{"@type":"Organization","@id":"https:\/\/auto-strategy.preprod.visionsnouvelles.com\/fr\/#organization","name":"Auto Strategy","url":"https:\/\/auto-strategy.preprod.visionsnouvelles.com\/fr\/","logo":{"@type":"ImageObject","inLanguage":"fr-FR","@id":"https:\/\/auto-strategy.preprod.visionsnouvelles.com\/fr\/#\/schema\/logo\/image\/","url":"https:\/\/auto-strategy.preprod.visionsnouvelles.com\/wp-content\/uploads\/2023\/05\/fake_logo.svg","contentUrl":"https:\/\/auto-strategy.preprod.visionsnouvelles.com\/wp-content\/uploads\/2023\/05\/fake_logo.svg","width":255,"height":127,"caption":"Auto Strategy"},"image":{"@id":"https:\/\/auto-strategy.preprod.visionsnouvelles.com\/fr\/#\/schema\/logo\/image\/"}}]}},"_links":{"self":[{"href":"https:\/\/auto-strategy.preprod.visionsnouvelles.com\/fr\/wp-json\/wp\/v2\/pages\/35","targetHints":{"allow":["GET"]}}],"collection":[{"href":"https:\/\/auto-strategy.preprod.visionsnouvelles.com\/fr\/wp-json\/wp\/v2\/pages"}],"about":[{"href":"https:\/\/auto-strategy.preprod.visionsnouvelles.com\/fr\/wp-json\/wp\/v2\/types\/page"}],"author":[{"embeddable":true,"href":"https:\/\/auto-strategy.preprod.visionsnouvelles.com\/fr\/wp-json\/wp\/v2\/users\/1"}],"replies":[{"embeddable":true,"href":"https:\/\/auto-strategy.preprod.visionsnouvelles.com\/fr\/wp-json\/wp\/v2\/comments?post=35"}],"version-history":[{"count":5,"href":"https:\/\/auto-strategy.preprod.visionsnouvelles.com\/fr\/wp-json\/wp\/v2\/pages\/35\/revisions"}],"predecessor-version":[{"id":901,"href":"https:\/\/auto-strategy.preprod.visionsnouvelles.com\/fr\/wp-json\/wp\/v2\/pages\/35\/revisions\/901"}],"wp:featuredmedia":[{"embeddable":true,"href":"https:\/\/auto-strategy.preprod.visionsnouvelles.com\/fr\/wp-json\/wp\/v2\/media\/365"}],"wp:attachment":[{"href":"https:\/\/auto-strategy.preprod.visionsnouvelles.com\/fr\/wp-json\/wp\/v2\/media?parent=35"}],"curies":[{"name":"wp","href":"https:\/\/api.w.org\/{rel}","templated":true}]}}