{"id":357,"date":"2023-06-09T07:08:43","date_gmt":"2023-06-09T07:08:43","guid":{"rendered":"https:\/\/auto-strategy.preprod.visionsnouvelles.com\/?page_id=357"},"modified":"2023-12-19T15:51:05","modified_gmt":"2023-12-19T15:51:05","slug":"auto-strategy-au-service-de-votre-entreprise","status":"publish","type":"page","link":"https:\/\/auto-strategy.preprod.visionsnouvelles.com\/fr\/auto-strategy-au-service-de-votre-entreprise\/","title":{"rendered":"Auto-Strategy \u00e0 votre service"},"content":{"rendered":"<div\n        class=\"autostrategy-block text-image-button-block\"\n        style=\"margin-top: 50px;margin-bottom: 100px;\"        data-id=\"block_7c156ae6761e4c3e9d113bd26acaa2e7\">\n    <div class=\"text-image-button-block__container  text-image-button-block__image-right text-image-button-block__image-out\">\n        <div class=\"container\">\n            <div class=\"row\">\n                \n                \n                                <div class=\"col-12 col-lg-6 text-image-button-block__content-section-col\">\n                    <div class=\"text-image-button-block__content-section\">\n                        <h2 class=\"text-image-button-block__title\">L&rsquo;histoire d&rsquo;une passion<\/h2><div class=\"text-image-button-block__content\"><p>C&rsquo;est par passion que Claude Moulin, dirigeant d&rsquo;Auto-Strategy, a \u00e9t\u00e9 licenci\u00e9 en tant que pilote de course en sport moto puis sport automobile. Quand on a pilot\u00e9 une De Tomaso Pantera &#8211; Groupe 4 dans une course de 24h sur le circuit de Magny-Cours, il est difficile de rouler tous les jours sans rechercher un peu d&rsquo;adr\u00e9naline&#8230;<\/p>\n<p>Ainsi, apr\u00e8s avoir arr\u00eat\u00e9 les courses, il a voulu se faire plaisir au quotidien en limitant les contraintes. Son esprit curieux et sa connaissance des l\u00e9gislations l&rsquo;ont pouss\u00e9 \u00e0 \u00e9tudier les avantages \u00e0 passer par des acquisitions \u00e0 l&rsquo;\u00e9tranger. Il a d\u00e9couvert les possibilit\u00e9s qu&rsquo;offrent les pays comme le Luxembourg ou la Pologne en mati\u00e8re d&rsquo;immatriculation. Il a d\u00e9velopp\u00e9 son r\u00e9seau et fait profiter de son expertise \u00e0 de nombreux particuliers et professionnels. Aujourd&rsquo;hui il est aux commandes d&rsquo;Auto-Strategy et permet ainsi \u00e0 chacun d&rsquo;acc\u00e9der \u00e0 la voiture de ses r\u00eaves aux meilleures conditions.<\/p>\n<\/div><a title=\"En savoir plus\" href=\"#\" class=\"autostrategy-btn autostrategy-btn--classic autostrategy-btn--classic--orange\"><span class=\"vn-a-content\">En savoir plus<\/span><\/a>                    <\/div>\n                <\/div>\n                <div class=\"col-12 col-lg-1\"><\/div>                <div class=\"col-12 col-lg-5 text-image-button-block__image-section-col\">\n                    <div class=\"text-image-button-block__image-section\">\n                        <img loading=\"lazy\" decoding=\"async\" width=\"1700\" height=\"938\" src=\"https:\/\/auto-strategy.preprod.visionsnouvelles.com\/wp-content\/uploads\/2023\/06\/shutterstock_2014577030-1.jpg\" class=\"attachment-full size-full\" alt=\"\" srcset=\"https:\/\/auto-strategy.preprod.visionsnouvelles.com\/wp-content\/uploads\/2023\/06\/shutterstock_2014577030-1.jpg 1700w, https:\/\/auto-strategy.preprod.visionsnouvelles.com\/wp-content\/uploads\/2023\/06\/shutterstock_2014577030-1-300x166.jpg 300w, https:\/\/auto-strategy.preprod.visionsnouvelles.com\/wp-content\/uploads\/2023\/06\/shutterstock_2014577030-1-1024x565.jpg 1024w, https:\/\/auto-strategy.preprod.visionsnouvelles.com\/wp-content\/uploads\/2023\/06\/shutterstock_2014577030-1-768x424.jpg 768w, https:\/\/auto-strategy.preprod.visionsnouvelles.com\/wp-content\/uploads\/2023\/06\/shutterstock_2014577030-1-1536x848.jpg 1536w\" sizes=\"auto, (max-width: 1700px) 100vw, 1700px\" \/>                    <\/div>\n                <\/div>\n                            <\/div>\n        <\/div>\n    <\/div>\n<\/div>\n\n\n<div\n        class=\"autostrategy-block steps-slider-block js-container\"\n        style=\"margin-top: 50px;margin-bottom: 100px;\"        data-id=\"block_1d634fdad6710f1766d0660805614542\"\n        data-unique-id=\"123\">\n    <div class=\"steps-slider-block__container container\">\n        <div class=\"row\">\n            <div class=\"col-12 col-lg-5\">\n                <div class=\"steps-slider-block__content-col\">\n                    <h2 class=\"steps-slider-block__title\">A qui s&rsquo;adresse la solution Auto-Strategy ?<\/h2><div class=\"steps-slider-block__content\"><p>Notre solution est ouverte \u00e0 tous ! Que vous soyez Particulier et Chef d&rsquo;entreprise, Professionnel de l&rsquo;automobile ou m\u00eame professionnel du conseil en qu\u00eate de solutions pour vos clients :<\/p>\n<\/div>                    <div class=\"steps-slider-block__steps splide js-steps-123\">\n                        <div class=\"splide__track\">\n                            <div class=\"splide__list\">\n                                                                    <div class=\"splide__slide\">\n                                        <span class=\"steps-slider-block__steps--title\">Particuliers et Entreprises<\/span><div class=\"steps-slider-block__steps--content\"><p>Vous recherchez un v\u00e9hicule de tourisme, une voiture sportive, une flotte d&rsquo;utilitaires ? Nous avons des solutions cl\u00e9s en main pour vos v\u00e9hicules \u00e0 usage personnel comme professionnel !<\/p>\n<\/div>                                    <\/div>\n                                                                        <div class=\"splide__slide\">\n                                        <span class=\"steps-slider-block__steps--title\">Professionnels de l&rsquo;automobile<\/span><div class=\"steps-slider-block__steps--content\"><p>Vous cherchez \u00e0 optimiser vos co\u00fbts d&rsquo;acquisition, nous vous proposons un large choix de v\u00e9hicules disponibles rapidement dans toutes les gammes.<\/p>\n<\/div>                                    <\/div>\n                                                                        <div class=\"splide__slide\">\n                                        <span class=\"steps-slider-block__steps--title\">Professionnels du conseil<\/span><div class=\"steps-slider-block__steps--content\"><p>Vous \u00eates Conseiller en Gestion de patrimoine, vous cherchez des solutions pour faire plaisir \u00e0 vos clients tout en optimisant leur fiscalit\u00e9 ? Nous vous proposons de devenir apporteurs d&rsquo;affaire pour \u00e9largir votre offre !<\/p>\n<\/div>                                    <\/div>\n                                                                <\/div>\n                        <\/div>\n                    <\/div>\n                <\/div>\n            <\/div>\n            <div class=\"col-12 col-lg-1\"><\/div>\n            <div class=\"col-12 col-lg-6\">\n                <div class=\"steps-slider-block__images-col\">\n                    <div class=\"steps-slider-block__images-wrapper\">\n                        <div class=\"steps-slider-block__steps-images splide js-steps-img-123\">\n                            <div class=\"splide__track\">\n                                <div class=\"splide__list\">\n                                                                            <div class=\"splide__slide steps-slider-block__steps-images-slide\">\n                                            <img loading=\"lazy\" decoding=\"async\" width=\"2560\" height=\"1709\" src=\"https:\/\/auto-strategy.preprod.visionsnouvelles.com\/wp-content\/uploads\/2023\/06\/shutterstock_1378241768-scaled.jpg\" class=\"steps-slider-block__steps--img\" alt=\"\" srcset=\"https:\/\/auto-strategy.preprod.visionsnouvelles.com\/wp-content\/uploads\/2023\/06\/shutterstock_1378241768-scaled.jpg 2560w, https:\/\/auto-strategy.preprod.visionsnouvelles.com\/wp-content\/uploads\/2023\/06\/shutterstock_1378241768-300x200.jpg 300w, https:\/\/auto-strategy.preprod.visionsnouvelles.com\/wp-content\/uploads\/2023\/06\/shutterstock_1378241768-1024x684.jpg 1024w, https:\/\/auto-strategy.preprod.visionsnouvelles.com\/wp-content\/uploads\/2023\/06\/shutterstock_1378241768-768x513.jpg 768w, https:\/\/auto-strategy.preprod.visionsnouvelles.com\/wp-content\/uploads\/2023\/06\/shutterstock_1378241768-1536x1025.jpg 1536w, https:\/\/auto-strategy.preprod.visionsnouvelles.com\/wp-content\/uploads\/2023\/06\/shutterstock_1378241768-2048x1367.jpg 2048w\" sizes=\"auto, (max-width: 2560px) 100vw, 2560px\" \/>                                        <\/div>\n                                                                                <div class=\"splide__slide steps-slider-block__steps-images-slide\">\n                                            <img loading=\"lazy\" decoding=\"async\" width=\"2560\" height=\"1709\" src=\"https:\/\/auto-strategy.preprod.visionsnouvelles.com\/wp-content\/uploads\/2023\/06\/shutterstock_1177022149-scaled.jpg\" class=\"steps-slider-block__steps--img\" alt=\"\" srcset=\"https:\/\/auto-strategy.preprod.visionsnouvelles.com\/wp-content\/uploads\/2023\/06\/shutterstock_1177022149-scaled.jpg 2560w, https:\/\/auto-strategy.preprod.visionsnouvelles.com\/wp-content\/uploads\/2023\/06\/shutterstock_1177022149-300x200.jpg 300w, https:\/\/auto-strategy.preprod.visionsnouvelles.com\/wp-content\/uploads\/2023\/06\/shutterstock_1177022149-1024x684.jpg 1024w, https:\/\/auto-strategy.preprod.visionsnouvelles.com\/wp-content\/uploads\/2023\/06\/shutterstock_1177022149-768x513.jpg 768w, https:\/\/auto-strategy.preprod.visionsnouvelles.com\/wp-content\/uploads\/2023\/06\/shutterstock_1177022149-1536x1025.jpg 1536w, https:\/\/auto-strategy.preprod.visionsnouvelles.com\/wp-content\/uploads\/2023\/06\/shutterstock_1177022149-2048x1367.jpg 2048w\" sizes=\"auto, (max-width: 2560px) 100vw, 2560px\" \/>                                        <\/div>\n                                                                                <div class=\"splide__slide steps-slider-block__steps-images-slide\">\n                                            <img loading=\"lazy\" decoding=\"async\" width=\"2560\" height=\"1142\" src=\"https:\/\/auto-strategy.preprod.visionsnouvelles.com\/wp-content\/uploads\/2023\/06\/shutterstock_2037664388-scaled.jpg\" class=\"steps-slider-block__steps--img\" alt=\"\" srcset=\"https:\/\/auto-strategy.preprod.visionsnouvelles.com\/wp-content\/uploads\/2023\/06\/shutterstock_2037664388-scaled.jpg 2560w, https:\/\/auto-strategy.preprod.visionsnouvelles.com\/wp-content\/uploads\/2023\/06\/shutterstock_2037664388-300x134.jpg 300w, https:\/\/auto-strategy.preprod.visionsnouvelles.com\/wp-content\/uploads\/2023\/06\/shutterstock_2037664388-1024x457.jpg 1024w, https:\/\/auto-strategy.preprod.visionsnouvelles.com\/wp-content\/uploads\/2023\/06\/shutterstock_2037664388-768x343.jpg 768w, https:\/\/auto-strategy.preprod.visionsnouvelles.com\/wp-content\/uploads\/2023\/06\/shutterstock_2037664388-1536x685.jpg 1536w, https:\/\/auto-strategy.preprod.visionsnouvelles.com\/wp-content\/uploads\/2023\/06\/shutterstock_2037664388-2048x914.jpg 2048w\" sizes=\"auto, (max-width: 2560px) 100vw, 2560px\" \/>                                        <\/div>\n                                                                        <\/div>\n                            <\/div>\n                        <\/div>\n                    <\/div>\n                <\/div>\n            <\/div>\n        <\/div>\n    <\/div>\n<\/div>\n\n\n<div\n        class=\"autostrategy-block steps-list-block\"\n        style=\"margin-top: 50px;margin-bottom: 100px;\"        data-id=\"block_e7a2eb7ace0dc839e36e71612aaaca1f\">\n    <div class=\"steps-list-block__container\">\n        <div class=\"row\">\n            <div class=\"col-12 col-lg-5 steps-list-block__image-col-container\">\n                <div class=\"steps-list-block__image-col\">\n                    <div class=\"steps-list-block__image-wrapper\">\n                        <img loading=\"lazy\" decoding=\"async\" width=\"1700\" height=\"1462\" src=\"https:\/\/auto-strategy.preprod.visionsnouvelles.com\/wp-content\/uploads\/2023\/06\/driver.jpg\" class=\"steps-list-block__image\" alt=\"\" srcset=\"https:\/\/auto-strategy.preprod.visionsnouvelles.com\/wp-content\/uploads\/2023\/06\/driver.jpg 1700w, https:\/\/auto-strategy.preprod.visionsnouvelles.com\/wp-content\/uploads\/2023\/06\/driver-300x258.jpg 300w, https:\/\/auto-strategy.preprod.visionsnouvelles.com\/wp-content\/uploads\/2023\/06\/driver-1024x881.jpg 1024w, https:\/\/auto-strategy.preprod.visionsnouvelles.com\/wp-content\/uploads\/2023\/06\/driver-768x660.jpg 768w, https:\/\/auto-strategy.preprod.visionsnouvelles.com\/wp-content\/uploads\/2023\/06\/driver-1536x1321.jpg 1536w\" sizes=\"auto, (max-width: 1700px) 100vw, 1700px\" \/>                    <\/div>\n                <\/div>\n            <\/div>\n            <div class=\"col-12 col-lg-1\"><\/div>\n            <div class=\"col-12 col-lg-6 steps-list-block__content-col-container\">\n                <div class=\"steps-list-block__content-col\">\n                    <h2 class=\"steps-list-block__title\">Que pouvons-nous faire pour vous ?<\/h2><div class=\"steps-list-block__content\"><p>Nous vous proposons une offre compl\u00e8te pouvant \u00eatre modul\u00e9e en fonction de vos besoins :<\/p>\n<\/div>                    <ol class=\"steps-list-block__list\">\n                                                    <li class=\"steps-list-block__step\">\n                                <div class=\"steps-list-block__step-container\">\n                                    <span class=\"steps-list-block__step-title\">Recherche de v\u00e9hicule<\/span><div class=\"steps-list-block__step-content\"><p>Nous recherchons pour vous le v\u00e9hicule dont vous avez besoin : utilitaires, v\u00e9hicules de tourisme, voitures haut de gamme&#8230; Nous vous proposons un grand choix de v\u00e9hicules neufs ou d&rsquo;occasion n\u00e9goci\u00e9s aupr\u00e8s de concessionnaires europ\u00e9ens pour b\u00e9n\u00e9ficier d&rsquo;un prix d&rsquo;achat HT, en Allemagne par exemple.<\/p>\n<\/div>                                <\/div>\n                            <\/li>\n                                                        <li class=\"steps-list-block__step\">\n                                <div class=\"steps-list-block__step-container\">\n                                    <span class=\"steps-list-block__step-title\">Immatriculation en Lituanie<\/span><div class=\"steps-list-block__step-content\"><p>Nous nous occupons de l&rsquo;immatriculation et des formalit\u00e9s locales. Vous n&rsquo;avez pas de soci\u00e9t\u00e9 \u00e0 cr\u00e9er ni d\u00e9marche \u00e0 effectuer. Vous b\u00e9n\u00e9ficiez des avantages fiscaux et du syst\u00e8me de permis \u00e0 point lituaniens en toute l\u00e9galit\u00e9.<\/p>\n<\/div>                                <\/div>\n                            <\/li>\n                                                        <li class=\"steps-list-block__step\">\n                                <div class=\"steps-list-block__step-container\">\n                                    <span class=\"steps-list-block__step-title\">Un suivi complet sur le long terme<\/span><div class=\"steps-list-block__step-content\"><p>Nous vous livrons chez vous et nous nous occupons aussi de l&rsquo;assurance. Vous n&rsquo;avez plus qu&rsquo;\u00e0 profiter de votre v\u00e9hicule en toute tranquillit\u00e9. Le jour o\u00f9 vous avez envie de changer de v\u00e9hicule nous sommes \u00e9galement l\u00e0 pour vous accompagner !<\/p>\n<\/div>                                <\/div>\n                            <\/li>\n                                                <\/ol>\n                    <a href=\"https:\/\/auto-strategy.preprod.visionsnouvelles.com\/fr\/nos-services-ou-notre-solution\/\" title=\"En savoir plus\" class=\"autostrategy-btn autostrategy-btn--classic autostrategy-btn--classic--orange\"><span class=\"vn-a-content\">En savoir plus<\/span><\/a>                <\/div>\n            <\/div>\n        <\/div>\n    <\/div>\n<\/div>\n","protected":false},"excerpt":{"rendered":"","protected":false},"author":1,"featured_media":365,"parent":0,"menu_order":0,"comment_status":"closed","ping_status":"closed","template":"","meta":{"footnotes":""},"class_list":["post-357","page","type-page","status-publish","has-post-thumbnail","hentry"],"acf":[],"yoast_head":"<!-- This site is optimized with the Yoast SEO plugin v21.3 - https:\/\/yoast.com\/wordpress\/plugins\/seo\/ -->\n<title>Auto-Strategy \u00e0 votre service | Auto Strategy<\/title>\n<meta name=\"robots\" content=\"noindex, follow, max-snippet:-1, max-image-preview:large, max-video-preview:-1\" \/>\n<meta property=\"og:locale\" content=\"fr_FR\" \/>\n<meta property=\"og:type\" content=\"article\" \/>\n<meta property=\"og:title\" content=\"Auto-Strategy \u00e0 votre service | Auto Strategy\" \/>\n<meta property=\"og:url\" content=\"https:\/\/auto-strategy.preprod.visionsnouvelles.com\/fr\/auto-strategy-au-service-de-votre-entreprise\/\" \/>\n<meta property=\"og:site_name\" content=\"Auto Strategy\" \/>\n<meta property=\"article:modified_time\" content=\"2023-12-19T15:51:05+00:00\" \/>\n<meta property=\"og:image\" content=\"https:\/\/auto-strategy.preprod.visionsnouvelles.com\/wp-content\/uploads\/2023\/06\/red-car.jpg\" \/>\n\t<meta property=\"og:image:width\" content=\"890\" \/>\n\t<meta property=\"og:image:height\" content=\"1230\" \/>\n\t<meta property=\"og:image:type\" content=\"image\/jpeg\" \/>\n<meta name=\"twitter:card\" content=\"summary_large_image\" \/>\n<script type=\"application\/ld+json\" class=\"yoast-schema-graph\">{\"@context\":\"https:\/\/schema.org\",\"@graph\":[{\"@type\":\"WebPage\",\"@id\":\"https:\/\/auto-strategy.preprod.visionsnouvelles.com\/fr\/auto-strategy-au-service-de-votre-entreprise\/\",\"url\":\"https:\/\/auto-strategy.preprod.visionsnouvelles.com\/fr\/auto-strategy-au-service-de-votre-entreprise\/\",\"name\":\"Auto-Strategy \u00e0 votre service | Auto Strategy\",\"isPartOf\":{\"@id\":\"https:\/\/auto-strategy.preprod.visionsnouvelles.com\/fr\/#website\"},\"datePublished\":\"2023-06-09T07:08:43+00:00\",\"dateModified\":\"2023-12-19T15:51:05+00:00\",\"breadcrumb\":{\"@id\":\"https:\/\/auto-strategy.preprod.visionsnouvelles.com\/fr\/auto-strategy-au-service-de-votre-entreprise\/#breadcrumb\"},\"inLanguage\":\"fr-FR\",\"potentialAction\":[{\"@type\":\"ReadAction\",\"target\":[\"https:\/\/auto-strategy.preprod.visionsnouvelles.com\/fr\/auto-strategy-au-service-de-votre-entreprise\/\"]}]},{\"@type\":\"BreadcrumbList\",\"@id\":\"https:\/\/auto-strategy.preprod.visionsnouvelles.com\/fr\/auto-strategy-au-service-de-votre-entreprise\/#breadcrumb\",\"itemListElement\":[{\"@type\":\"ListItem\",\"position\":1,\"name\":\"Accueil\",\"item\":\"https:\/\/auto-strategy.preprod.visionsnouvelles.com\/fr\/\"},{\"@type\":\"ListItem\",\"position\":2,\"name\":\"Auto-Strategy \u00e0 votre service\"}]},{\"@type\":\"WebSite\",\"@id\":\"https:\/\/auto-strategy.preprod.visionsnouvelles.com\/fr\/#website\",\"url\":\"https:\/\/auto-strategy.preprod.visionsnouvelles.com\/fr\/\",\"name\":\"Auto Strategy\",\"description\":\"\",\"publisher\":{\"@id\":\"https:\/\/auto-strategy.preprod.visionsnouvelles.com\/fr\/#organization\"},\"potentialAction\":[{\"@type\":\"SearchAction\",\"target\":{\"@type\":\"EntryPoint\",\"urlTemplate\":\"https:\/\/auto-strategy.preprod.visionsnouvelles.com\/fr\/?s={search_term_string}\"},\"query-input\":\"required name=search_term_string\"}],\"inLanguage\":\"fr-FR\"},{\"@type\":\"Organization\",\"@id\":\"https:\/\/auto-strategy.preprod.visionsnouvelles.com\/fr\/#organization\",\"name\":\"Auto Strategy\",\"url\":\"https:\/\/auto-strategy.preprod.visionsnouvelles.com\/fr\/\",\"logo\":{\"@type\":\"ImageObject\",\"inLanguage\":\"fr-FR\",\"@id\":\"https:\/\/auto-strategy.preprod.visionsnouvelles.com\/fr\/#\/schema\/logo\/image\/\",\"url\":\"https:\/\/auto-strategy.preprod.visionsnouvelles.com\/wp-content\/uploads\/2023\/05\/fake_logo.svg\",\"contentUrl\":\"https:\/\/auto-strategy.preprod.visionsnouvelles.com\/wp-content\/uploads\/2023\/05\/fake_logo.svg\",\"width\":255,\"height\":127,\"caption\":\"Auto Strategy\"},\"image\":{\"@id\":\"https:\/\/auto-strategy.preprod.visionsnouvelles.com\/fr\/#\/schema\/logo\/image\/\"}}]}<\/script>\n<!-- \/ Yoast SEO plugin. -->","yoast_head_json":{"title":"Auto-Strategy \u00e0 votre service | Auto Strategy","robots":{"index":"noindex","follow":"follow","max-snippet":"max-snippet:-1","max-image-preview":"max-image-preview:large","max-video-preview":"max-video-preview:-1"},"og_locale":"fr_FR","og_type":"article","og_title":"Auto-Strategy \u00e0 votre service | Auto Strategy","og_url":"https:\/\/auto-strategy.preprod.visionsnouvelles.com\/fr\/auto-strategy-au-service-de-votre-entreprise\/","og_site_name":"Auto Strategy","article_modified_time":"2023-12-19T15:51:05+00:00","og_image":[{"width":890,"height":1230,"url":"https:\/\/auto-strategy.preprod.visionsnouvelles.com\/wp-content\/uploads\/2023\/06\/red-car.jpg","type":"image\/jpeg"}],"twitter_card":"summary_large_image","schema":{"@context":"https:\/\/schema.org","@graph":[{"@type":"WebPage","@id":"https:\/\/auto-strategy.preprod.visionsnouvelles.com\/fr\/auto-strategy-au-service-de-votre-entreprise\/","url":"https:\/\/auto-strategy.preprod.visionsnouvelles.com\/fr\/auto-strategy-au-service-de-votre-entreprise\/","name":"Auto-Strategy \u00e0 votre service | Auto Strategy","isPartOf":{"@id":"https:\/\/auto-strategy.preprod.visionsnouvelles.com\/fr\/#website"},"datePublished":"2023-06-09T07:08:43+00:00","dateModified":"2023-12-19T15:51:05+00:00","breadcrumb":{"@id":"https:\/\/auto-strategy.preprod.visionsnouvelles.com\/fr\/auto-strategy-au-service-de-votre-entreprise\/#breadcrumb"},"inLanguage":"fr-FR","potentialAction":[{"@type":"ReadAction","target":["https:\/\/auto-strategy.preprod.visionsnouvelles.com\/fr\/auto-strategy-au-service-de-votre-entreprise\/"]}]},{"@type":"BreadcrumbList","@id":"https:\/\/auto-strategy.preprod.visionsnouvelles.com\/fr\/auto-strategy-au-service-de-votre-entreprise\/#breadcrumb","itemListElement":[{"@type":"ListItem","position":1,"name":"Accueil","item":"https:\/\/auto-strategy.preprod.visionsnouvelles.com\/fr\/"},{"@type":"ListItem","position":2,"name":"Auto-Strategy \u00e0 votre service"}]},{"@type":"WebSite","@id":"https:\/\/auto-strategy.preprod.visionsnouvelles.com\/fr\/#website","url":"https:\/\/auto-strategy.preprod.visionsnouvelles.com\/fr\/","name":"Auto Strategy","description":"","publisher":{"@id":"https:\/\/auto-strategy.preprod.visionsnouvelles.com\/fr\/#organization"},"potentialAction":[{"@type":"SearchAction","target":{"@type":"EntryPoint","urlTemplate":"https:\/\/auto-strategy.preprod.visionsnouvelles.com\/fr\/?s={search_term_string}"},"query-input":"required name=search_term_string"}],"inLanguage":"fr-FR"},{"@type":"Organization","@id":"https:\/\/auto-strategy.preprod.visionsnouvelles.com\/fr\/#organization","name":"Auto Strategy","url":"https:\/\/auto-strategy.preprod.visionsnouvelles.com\/fr\/","logo":{"@type":"ImageObject","inLanguage":"fr-FR","@id":"https:\/\/auto-strategy.preprod.visionsnouvelles.com\/fr\/#\/schema\/logo\/image\/","url":"https:\/\/auto-strategy.preprod.visionsnouvelles.com\/wp-content\/uploads\/2023\/05\/fake_logo.svg","contentUrl":"https:\/\/auto-strategy.preprod.visionsnouvelles.com\/wp-content\/uploads\/2023\/05\/fake_logo.svg","width":255,"height":127,"caption":"Auto Strategy"},"image":{"@id":"https:\/\/auto-strategy.preprod.visionsnouvelles.com\/fr\/#\/schema\/logo\/image\/"}}]}},"_links":{"self":[{"href":"https:\/\/auto-strategy.preprod.visionsnouvelles.com\/fr\/wp-json\/wp\/v2\/pages\/357","targetHints":{"allow":["GET"]}}],"collection":[{"href":"https:\/\/auto-strategy.preprod.visionsnouvelles.com\/fr\/wp-json\/wp\/v2\/pages"}],"about":[{"href":"https:\/\/auto-strategy.preprod.visionsnouvelles.com\/fr\/wp-json\/wp\/v2\/types\/page"}],"author":[{"embeddable":true,"href":"https:\/\/auto-strategy.preprod.visionsnouvelles.com\/fr\/wp-json\/wp\/v2\/users\/1"}],"replies":[{"embeddable":true,"href":"https:\/\/auto-strategy.preprod.visionsnouvelles.com\/fr\/wp-json\/wp\/v2\/comments?post=357"}],"version-history":[{"count":5,"href":"https:\/\/auto-strategy.preprod.visionsnouvelles.com\/fr\/wp-json\/wp\/v2\/pages\/357\/revisions"}],"predecessor-version":[{"id":849,"href":"https:\/\/auto-strategy.preprod.visionsnouvelles.com\/fr\/wp-json\/wp\/v2\/pages\/357\/revisions\/849"}],"wp:featuredmedia":[{"embeddable":true,"href":"https:\/\/auto-strategy.preprod.visionsnouvelles.com\/fr\/wp-json\/wp\/v2\/media\/365"}],"wp:attachment":[{"href":"https:\/\/auto-strategy.preprod.visionsnouvelles.com\/fr\/wp-json\/wp\/v2\/media?parent=357"}],"curies":[{"name":"wp","href":"https:\/\/api.w.org\/{rel}","templated":true}]}}